{"id":764,"date":"2021-11-25T17:44:49","date_gmt":"2021-11-25T17:44:49","guid":{"rendered":"https:\/\/www.necsamx.com\/TiendadeMaterialElectrico\/producto\/aem33-150pm-gabinete-metalico-30x30x15\/"},"modified":"2024-03-05T19:38:47","modified_gmt":"2024-03-05T19:38:47","slug":"aem33-150pm-gabinete-metalico-30x30x15","status":"publish","type":"product","link":"https:\/\/www.necsamx.com\/TiendadeMaterialElectrico\/producto\/aem33-150pm-gabinete-metalico-30x30x15\/","title":{"rendered":"AEM33\/150PM GABINETE METALICO 30X30X15"},"content":{"rendered":"<p><strong>AEM33\/150PM GABINETE METALICO 30X30X15.<\/strong><br \/>\nProtege sus componentes electr\u00f3nicos contra la suciedad, polvo, aceite, agua y otros factores. Para uso interior y exterior.<br \/>\nCaracter\u00edsticas t\u00e9cnicas.<br \/>\n\u2022 Fabricados a partir de una sola pieza plegada en los laterales, unida a la parte trasera mediante un perfil especial que forma una zona protegida.<br \/>\n\u2022 Pintados por dentro y fuera con resina epoxi-poli\u00e9ster texturizada color gris RAL 7035.<br \/>\n\u2022 Incluyen placa de montaje y soporte para desplazarla en profundidad.<br \/>\n\u2022 Resistentes a posibles impactos.<br \/>\nCuerpo:<br \/>\n\u2022 Material: Acero laminado en fr\u00edo.<br \/>\n\u2022 Cuentan con 4 orificios que permiten un montaje directo.<br \/>\n\u2022 Los componentes de fijaci\u00f3n a mural est\u00e1n aislados con tapones de pl\u00e1stico para garantizar el \u00edndice de protecci\u00f3n.<br \/>\n\u2022 Cuentan con una placa met\u00e1lica de 1.5 mm y 2 mm conforme al c\u00f3digo especificado.<br \/>\n\u2022 Tienen entrada directa para cables.<br \/>\n\u2022 Cuentan con una placa de entrada de cables m\u00faltiple integrada a ras con el fondo del armario (sin junta espumada para facilitar el mecanismo).<br \/>\n\u2022 Pueden montarse f\u00e1cilmente con 4 pernos de fondo de 10 mm (no incluidos).<br \/>\nPuerta.<br \/>\n\u2022 De metal troquelada (no soldada).<br \/>\n\u2022 Cierre de palomilla.<br \/>\n\u2022 Junta de poliuretano espumado en la puerta para garantizar el sellado.<br \/>\n\u2022 Pueden revertirse f\u00e1cilmente.<br \/>\n\u2022 Se fijan mediante dos o tres bisagras ocultas.<br \/>\n\u2022 Bisagras met\u00e1licas.<br \/>\n\u2022 Se abren hasta 120\u00b0<br \/>\n\u2022 Pernos de conexi\u00f3n a tierra soldados en las puertas y el cuerpo.<\/p>\n","protected":false},"excerpt":{"rendered":"<p><strong>AEM33\/150PM GABINETE METALICO 30X30X15.<\/strong><br \/>\nProtege sus componentes electr\u00f3nicos contra la suciedad, polvo, aceite, agua y otros factores. Para uso interior y exterior.<\/p>\n","protected":false},"featured_media":6771,"comment_status":"closed","ping_status":"closed","template":"","meta":{"_joinchat":[]},"product_brand":[],"product_cat":[69],"product_tag":[],"class_list":{"0":"post-764","1":"product","2":"type-product","3":"status-publish","4":"has-post-thumbnail","6":"product_cat-gabinete","8":"first","9":"instock","10":"product-type-simple"},"_links":{"self":[{"href":"https:\/\/www.necsamx.com\/TiendadeMaterialElectrico\/wp-json\/wp\/v2\/product\/764","targetHints":{"allow":["GET"]}}],"collection":[{"href":"https:\/\/www.necsamx.com\/TiendadeMaterialElectrico\/wp-json\/wp\/v2\/product"}],"about":[{"href":"https:\/\/www.necsamx.com\/TiendadeMaterialElectrico\/wp-json\/wp\/v2\/types\/product"}],"replies":[{"embeddable":true,"href":"https:\/\/www.necsamx.com\/TiendadeMaterialElectrico\/wp-json\/wp\/v2\/comments?post=764"}],"wp:featuredmedia":[{"embeddable":true,"href":"https:\/\/www.necsamx.com\/TiendadeMaterialElectrico\/wp-json\/wp\/v2\/media\/6771"}],"wp:attachment":[{"href":"https:\/\/www.necsamx.com\/TiendadeMaterialElectrico\/wp-json\/wp\/v2\/media?parent=764"}],"wp:term":[{"taxonomy":"product_brand","embeddable":true,"href":"https:\/\/www.necsamx.com\/TiendadeMaterialElectrico\/wp-json\/wp\/v2\/product_brand?post=764"},{"taxonomy":"product_cat","embeddable":true,"href":"https:\/\/www.necsamx.com\/TiendadeMaterialElectrico\/wp-json\/wp\/v2\/product_cat?post=764"},{"taxonomy":"product_tag","embeddable":true,"href":"https:\/\/www.necsamx.com\/TiendadeMaterialElectrico\/wp-json\/wp\/v2\/product_tag?post=764"}],"curies":[{"name":"wp","href":"https:\/\/api.w.org\/{rel}","templated":true}]}}