{"id":6846,"date":"2024-03-23T16:41:23","date_gmt":"2024-03-23T16:41:23","guid":{"rendered":"https:\/\/www.necsamx.com\/TiendadeMaterialElectrico\/producto\/foco-led-15w-amable-luz\/"},"modified":"2024-04-03T17:43:24","modified_gmt":"2024-04-03T17:43:24","slug":"foco-led-15w-amable-luz","status":"publish","type":"product","link":"https:\/\/www.necsamx.com\/TiendadeMaterialElectrico\/producto\/foco-led-15w-amable-luz\/","title":{"rendered":"Foco Led 15W Amable Luz (Pack 2pz)"},"content":{"rendered":"<p><strong>Foco Led 15W Amable Luz (Pack 2pz).<\/strong><br \/>\nLa luz LED es un sistema de iluminaci\u00f3n muy eficiente en t\u00e9rminos de consumo de energ\u00eda. Una bombilla LED puede producir la misma luz que una bombilla, pero con un 80% menos de consumo el\u00e9ctrico. Este bajo consumo se debe a que no produce calor como resultado de electrificar la resistencia y al avance de los materiales que se usan.<br \/>\n\u2022 MODELO: F01W15D.<br \/>\n\u2022 WATTS: 15W.<br \/>\n\u2022 TENSI\u00d3N: 127V\/60Hz.<br \/>\n\u2022 LUMINOSO: 900lm.<br \/>\n\u2022 TEMPERATURA: 6500K.<br \/>\n\u2022 HORAS DE VIDA: 50000h.<\/p>\n","protected":false},"excerpt":{"rendered":"<p><strong>Foco Led 15W Amable Luz (Pack 2pz).<\/strong><br \/>\nLa luz LED es un sistema de iluminaci\u00f3n muy eficiente en t\u00e9rminos de consumo de energ\u00eda. Una bombilla LED puede producir la misma luz que una bombilla, pero con un 80% menos de consumo el\u00e9ctrico. Este bajo consumo se debe a que no produce calor como resultado de electrificar la resistencia y al avance de los materiales que se usan.<\/p>\n","protected":false},"featured_media":6998,"comment_status":"open","ping_status":"closed","template":"","meta":{"_joinchat":[]},"product_brand":[],"product_cat":[300],"product_tag":[],"class_list":{"0":"post-6846","1":"product","2":"type-product","3":"status-publish","4":"has-post-thumbnail","6":"product_cat-foco","8":"first","9":"instock","10":"shipping-taxable","11":"product-type-simple"},"_links":{"self":[{"href":"https:\/\/www.necsamx.com\/TiendadeMaterialElectrico\/wp-json\/wp\/v2\/product\/6846","targetHints":{"allow":["GET"]}}],"collection":[{"href":"https:\/\/www.necsamx.com\/TiendadeMaterialElectrico\/wp-json\/wp\/v2\/product"}],"about":[{"href":"https:\/\/www.necsamx.com\/TiendadeMaterialElectrico\/wp-json\/wp\/v2\/types\/product"}],"replies":[{"embeddable":true,"href":"https:\/\/www.necsamx.com\/TiendadeMaterialElectrico\/wp-json\/wp\/v2\/comments?post=6846"}],"wp:featuredmedia":[{"embeddable":true,"href":"https:\/\/www.necsamx.com\/TiendadeMaterialElectrico\/wp-json\/wp\/v2\/media\/6998"}],"wp:attachment":[{"href":"https:\/\/www.necsamx.com\/TiendadeMaterialElectrico\/wp-json\/wp\/v2\/media?parent=6846"}],"wp:term":[{"taxonomy":"product_brand","embeddable":true,"href":"https:\/\/www.necsamx.com\/TiendadeMaterialElectrico\/wp-json\/wp\/v2\/product_brand?post=6846"},{"taxonomy":"product_cat","embeddable":true,"href":"https:\/\/www.necsamx.com\/TiendadeMaterialElectrico\/wp-json\/wp\/v2\/product_cat?post=6846"},{"taxonomy":"product_tag","embeddable":true,"href":"https:\/\/www.necsamx.com\/TiendadeMaterialElectrico\/wp-json\/wp\/v2\/product_tag?post=6846"}],"curies":[{"name":"wp","href":"https:\/\/api.w.org\/{rel}","templated":true}]}}