{"id":5959,"date":"2021-11-25T18:09:22","date_gmt":"2021-11-25T18:09:22","guid":{"rendered":"https:\/\/www.necsamx.com\/TiendadeMaterialElectrico\/producto\/yee-pvc-sanitario-de-2\/"},"modified":"2024-06-13T20:16:52","modified_gmt":"2024-06-13T20:16:52","slug":"yee-pvc-sanitario-de-2","status":"publish","type":"product","link":"https:\/\/www.necsamx.com\/TiendadeMaterialElectrico\/producto\/yee-pvc-sanitario-de-2\/","title":{"rendered":"YEE PVC SANITARIO DE 2&#8243;"},"content":{"rendered":"<p><strong>YEE PVC SANITARIO DE 2&#8243;<\/strong><br \/>\nYee pvc sanitaria. Conexi\u00f3n sanitar\u00eda inyectada de PVC, se utiliza en la construcci\u00f3n de sistemas sanitarios para el desalojo por gravedad de aguas negras, desechos industriales, aguas pluviales o sistemas de ventilaci\u00f3n.<br \/>\n<strong>Especificaciones<\/strong><br \/>\n\u2022 Excelente acabado.<br \/>\n\u2022 Conexiones achaflanadas, para tener un mejor coplamiento tubo-conexi\u00f3n.<br \/>\n\u2022 Bajo peso.<br \/>\n\u2022 Ofrece una f\u00e1cil y r\u00e1pida instalaci\u00f3n.<br \/>\n\u2022 Excelente condiciones de flujo gracias a su bajo coeficiente de rugosidad.<br \/>\n\u2022 Medida 50mm x 50mm.<\/p>\n","protected":false},"excerpt":{"rendered":"<p><strong>YEE PVC SANITARIO DE 2&#8243;<\/strong><br \/>\nYee pvc sanitaria. Conexi\u00f3n sanitar\u00eda inyectada de PVC, se utiliza en la construcci\u00f3n de sistemas sanitarios para el desalojo por gravedad de aguas negras, desechos industriales, aguas pluviales o sistemas de ventilaci\u00f3n.<\/p>\n","protected":false},"featured_media":7350,"comment_status":"closed","ping_status":"closed","template":"","meta":{"_joinchat":[]},"product_brand":[],"product_cat":[670,645],"product_tag":[],"class_list":{"0":"post-5959","1":"product","2":"type-product","3":"status-publish","4":"has-post-thumbnail","6":"product_cat-sanitario","7":"product_cat-yee","9":"first","10":"instock","11":"product-type-simple"},"_links":{"self":[{"href":"https:\/\/www.necsamx.com\/TiendadeMaterialElectrico\/wp-json\/wp\/v2\/product\/5959","targetHints":{"allow":["GET"]}}],"collection":[{"href":"https:\/\/www.necsamx.com\/TiendadeMaterialElectrico\/wp-json\/wp\/v2\/product"}],"about":[{"href":"https:\/\/www.necsamx.com\/TiendadeMaterialElectrico\/wp-json\/wp\/v2\/types\/product"}],"replies":[{"embeddable":true,"href":"https:\/\/www.necsamx.com\/TiendadeMaterialElectrico\/wp-json\/wp\/v2\/comments?post=5959"}],"wp:featuredmedia":[{"embeddable":true,"href":"https:\/\/www.necsamx.com\/TiendadeMaterialElectrico\/wp-json\/wp\/v2\/media\/7350"}],"wp:attachment":[{"href":"https:\/\/www.necsamx.com\/TiendadeMaterialElectrico\/wp-json\/wp\/v2\/media?parent=5959"}],"wp:term":[{"taxonomy":"product_brand","embeddable":true,"href":"https:\/\/www.necsamx.com\/TiendadeMaterialElectrico\/wp-json\/wp\/v2\/product_brand?post=5959"},{"taxonomy":"product_cat","embeddable":true,"href":"https:\/\/www.necsamx.com\/TiendadeMaterialElectrico\/wp-json\/wp\/v2\/product_cat?post=5959"},{"taxonomy":"product_tag","embeddable":true,"href":"https:\/\/www.necsamx.com\/TiendadeMaterialElectrico\/wp-json\/wp\/v2\/product_tag?post=5959"}],"curies":[{"name":"wp","href":"https:\/\/api.w.org\/{rel}","templated":true}]}}