{"id":5820,"date":"2021-11-25T18:08:28","date_gmt":"2021-11-25T18:08:28","guid":{"rendered":"https:\/\/www.necsamx.com\/TiendadeMaterialElectrico\/producto\/tubo-pvc-sp-2\/"},"modified":"2024-07-17T21:38:58","modified_gmt":"2024-07-17T21:38:58","slug":"tubo-pvc-sp-2","status":"publish","type":"product","link":"https:\/\/www.necsamx.com\/TiendadeMaterialElectrico\/producto\/tubo-pvc-sp-2\/","title":{"rendered":"TUBO PVC SP 2&#8243;"},"content":{"rendered":"<p><strong>Tubo PVC servicio pesado 2&#8243;<\/strong><br \/>\nToda la l\u00ednea Conduit PVC est\u00e1 dise\u00f1ada para ofrecer compatibilidad con tuber\u00edas y accesorios que correspondan a sus di\u00e1metros nominales sin importar el material.<br \/>\n<strong>Caracter\u00edsticas<\/strong><br \/>\n\u2022 Toda la l\u00ednea de tuber\u00eda de PVC est\u00e1 dise\u00f1ada para ofrecer compatibilidad con tuber\u00edas y accesorios que correspondan a sus di\u00e1metros nominales sin importar el material.<br \/>\n\u2022 Ambas tuber\u00edas se fabrican de acuerdo con la norma NMX-E-012-VIGENTE, se surten en color verde olivo con un extremo abocinado y con una longitud total de 3 m.<br \/>\n<strong>ESPECIFICACIONES<\/strong><br \/>\n\u2022 C\u00f3digo: TPP0513<br \/>\n\u2022 Medidas (pulg): 2&#8243;<br \/>\n\u2022 Medidas (mm): 50MM.<\/p>\n","protected":false},"excerpt":{"rendered":"<p><strong>Tubo PVC servicio pesado 2&#8243;<\/strong><br \/>\nToda la l\u00ednea Conduit PVC est\u00e1 dise\u00f1ada para ofrecer compatibilidad con tuber\u00edas y accesorios que correspondan a sus di\u00e1metros nominales sin importar el material.<\/p>\n","protected":false},"featured_media":7490,"comment_status":"closed","ping_status":"closed","template":"","meta":{"_joinchat":[]},"product_brand":[],"product_cat":[626,622],"product_tag":[],"class_list":{"0":"post-5820","1":"product","2":"type-product","3":"status-publish","4":"has-post-thumbnail","6":"product_cat-tubo","7":"product_cat-tubo-pvc","9":"first","10":"instock","11":"product-type-simple"},"_links":{"self":[{"href":"https:\/\/www.necsamx.com\/TiendadeMaterialElectrico\/wp-json\/wp\/v2\/product\/5820","targetHints":{"allow":["GET"]}}],"collection":[{"href":"https:\/\/www.necsamx.com\/TiendadeMaterialElectrico\/wp-json\/wp\/v2\/product"}],"about":[{"href":"https:\/\/www.necsamx.com\/TiendadeMaterialElectrico\/wp-json\/wp\/v2\/types\/product"}],"replies":[{"embeddable":true,"href":"https:\/\/www.necsamx.com\/TiendadeMaterialElectrico\/wp-json\/wp\/v2\/comments?post=5820"}],"wp:featuredmedia":[{"embeddable":true,"href":"https:\/\/www.necsamx.com\/TiendadeMaterialElectrico\/wp-json\/wp\/v2\/media\/7490"}],"wp:attachment":[{"href":"https:\/\/www.necsamx.com\/TiendadeMaterialElectrico\/wp-json\/wp\/v2\/media?parent=5820"}],"wp:term":[{"taxonomy":"product_brand","embeddable":true,"href":"https:\/\/www.necsamx.com\/TiendadeMaterialElectrico\/wp-json\/wp\/v2\/product_brand?post=5820"},{"taxonomy":"product_cat","embeddable":true,"href":"https:\/\/www.necsamx.com\/TiendadeMaterialElectrico\/wp-json\/wp\/v2\/product_cat?post=5820"},{"taxonomy":"product_tag","embeddable":true,"href":"https:\/\/www.necsamx.com\/TiendadeMaterialElectrico\/wp-json\/wp\/v2\/product_tag?post=5820"}],"curies":[{"name":"wp","href":"https:\/\/api.w.org\/{rel}","templated":true}]}}