{"id":5816,"date":"2021-11-25T18:08:22","date_gmt":"2021-11-25T18:08:22","guid":{"rendered":"https:\/\/www.necsamx.com\/TiendadeMaterialElectrico\/producto\/tubo-pvc-sanitario-norma-3\/"},"modified":"2024-06-27T20:32:28","modified_gmt":"2024-06-27T20:32:28","slug":"tubo-pvc-sanitario-norma-3","status":"publish","type":"product","link":"https:\/\/www.necsamx.com\/TiendadeMaterialElectrico\/producto\/tubo-pvc-sanitario-norma-3\/","title":{"rendered":"TUBO PVC SANITARIO NORMA 3&#8243;"},"content":{"rendered":"<p><strong>TUBO PVC SANITARIO DE NORMA 3&#8243;<\/strong><br \/>\nSu uso es adecuado para conectar tuber\u00edas de desag\u00fce en ba\u00f1os, al ser muy resistente a la corrosi\u00f3n y a las fracturas por impacto. Cuenta con interior liso, el cual permite el desplazamiento \u00e1gil del agua.<br \/>\nEs ligero, por lo que permite un mejor manejo. Brinda un ajuste preciso sin fugas; \u00fatil para realizar la conexi\u00f3n de tuber\u00edas de ba\u00f1o o desag\u00fce. Su interior liso permite el f\u00e1cil desplazamiento del agua, evitando as\u00ed que se generen obstrucciones. Puede cortarse a las medidas deseadas, sin mayor desperdicio del material. De instalaci\u00f3n sencilla y larga duraci\u00f3n, ya que resiste mejor las rupturas por impacto.<br \/>\n<strong>ESPECIFICACIONES<\/strong><br \/>\n\u2022 Material: PVC.<br \/>\n\u2022 Pared: Lisa.<br \/>\n\u2022 Diametro: 3&#8243; pulg.<br \/>\n\u2022 Largo: 6m.<\/p>\n","protected":false},"excerpt":{"rendered":"<p><strong>TUBO PVC SANITARIO DE NORMA 3&#8243;<\/strong><br \/>\nSu uso es adecuado para conectar tuber\u00edas de desag\u00fce en ba\u00f1os, al ser muy resistente a la corrosi\u00f3n y a las fracturas por impacto. Cuenta con interior liso, el cual permite el desplazamiento \u00e1gil del agua.<br \/>\nEs ligero, por lo que permite un mejor manejo. Brinda un ajuste preciso sin fugas; \u00fatil para realizar la conexi\u00f3n de tuber\u00edas de ba\u00f1o o desag\u00fce. Su interior liso permite el f\u00e1cil desplazamiento del agua, evitando as\u00ed que se generen obstrucciones. Puede cortarse a las medidas deseadas, sin mayor desperdicio del material. De instalaci\u00f3n sencilla y larga duraci\u00f3n, ya que resiste mejor las rupturas por impacto.<\/p>\n","protected":false},"featured_media":7410,"comment_status":"closed","ping_status":"closed","template":"","meta":{"_joinchat":[]},"product_brand":[],"product_cat":[670,626],"product_tag":[],"class_list":{"0":"post-5816","1":"product","2":"type-product","3":"status-publish","4":"has-post-thumbnail","6":"product_cat-sanitario","7":"product_cat-tubo","9":"first","10":"instock","11":"product-type-simple"},"_links":{"self":[{"href":"https:\/\/www.necsamx.com\/TiendadeMaterialElectrico\/wp-json\/wp\/v2\/product\/5816","targetHints":{"allow":["GET"]}}],"collection":[{"href":"https:\/\/www.necsamx.com\/TiendadeMaterialElectrico\/wp-json\/wp\/v2\/product"}],"about":[{"href":"https:\/\/www.necsamx.com\/TiendadeMaterialElectrico\/wp-json\/wp\/v2\/types\/product"}],"replies":[{"embeddable":true,"href":"https:\/\/www.necsamx.com\/TiendadeMaterialElectrico\/wp-json\/wp\/v2\/comments?post=5816"}],"wp:featuredmedia":[{"embeddable":true,"href":"https:\/\/www.necsamx.com\/TiendadeMaterialElectrico\/wp-json\/wp\/v2\/media\/7410"}],"wp:attachment":[{"href":"https:\/\/www.necsamx.com\/TiendadeMaterialElectrico\/wp-json\/wp\/v2\/media?parent=5816"}],"wp:term":[{"taxonomy":"product_brand","embeddable":true,"href":"https:\/\/www.necsamx.com\/TiendadeMaterialElectrico\/wp-json\/wp\/v2\/product_brand?post=5816"},{"taxonomy":"product_cat","embeddable":true,"href":"https:\/\/www.necsamx.com\/TiendadeMaterialElectrico\/wp-json\/wp\/v2\/product_cat?post=5816"},{"taxonomy":"product_tag","embeddable":true,"href":"https:\/\/www.necsamx.com\/TiendadeMaterialElectrico\/wp-json\/wp\/v2\/product_tag?post=5816"}],"curies":[{"name":"wp","href":"https:\/\/api.w.org\/{rel}","templated":true}]}}