{"id":5625,"date":"2021-11-25T18:07:24","date_gmt":"2021-11-25T18:07:24","guid":{"rendered":"https:\/\/www.necsamx.com\/TiendadeMaterialElectrico\/producto\/tpp0193-tubo-pvc-sp-de-3-4\/"},"modified":"2024-01-29T17:32:23","modified_gmt":"2024-01-29T17:32:23","slug":"tpp0193-tubo-pvc-sp-de-3-4","status":"publish","type":"product","link":"https:\/\/www.necsamx.com\/TiendadeMaterialElectrico\/producto\/tpp0193-tubo-pvc-sp-de-3-4\/","title":{"rendered":"TPP0193 TUBO PVC SP DE 3\/4&#8243;"},"content":{"rendered":"<p><strong>TUBO PVC SERVICIO PESADO DE 3\/4&#8243;.<\/strong><br \/>\nTubo Conduit verde de PVC pesado alojan diversos tipos de conductores el\u00e9ctricos, protegiendo instalaciones industriales, comerciales y residenciales.<br \/>\n\u2022 Toda la l\u00ednea conduit PVC est\u00e1 dise\u00f1ada para ofrecer compatibilidad con tuber\u00edas y accesorios que correspondan a sus di\u00e1metros nominales sin importar el material.<br \/>\n\u2022 Ambas tuber\u00edas se fabrican de acuerdo con la norma NMX-E-012-VIGENTE, se surten en color verde olivo con un extremo abocinado y con una longitud total de 3 m.<br \/>\n\u2022 Medida 3\/4 pulg.<br \/>\n\u2022 Longitud 3 mts.<\/p>\n","protected":false},"excerpt":{"rendered":"<p><strong>TUBO PVC SERVICIO PESADO DE 3\/4&#8243;.<\/strong><br \/>\nTubo Conduit verde de PVC pesado alojan diversos tipos de conductores el\u00e9ctricos, protegiendo instalaciones industriales, comerciales y residenciales.<\/p>\n","protected":false},"featured_media":6736,"comment_status":"closed","ping_status":"closed","template":"","meta":{"_joinchat":[]},"product_brand":[],"product_cat":[622],"product_tag":[],"class_list":{"0":"post-5625","1":"product","2":"type-product","3":"status-publish","4":"has-post-thumbnail","6":"product_cat-tubo-pvc","8":"first","9":"instock","10":"product-type-simple"},"_links":{"self":[{"href":"https:\/\/www.necsamx.com\/TiendadeMaterialElectrico\/wp-json\/wp\/v2\/product\/5625","targetHints":{"allow":["GET"]}}],"collection":[{"href":"https:\/\/www.necsamx.com\/TiendadeMaterialElectrico\/wp-json\/wp\/v2\/product"}],"about":[{"href":"https:\/\/www.necsamx.com\/TiendadeMaterialElectrico\/wp-json\/wp\/v2\/types\/product"}],"replies":[{"embeddable":true,"href":"https:\/\/www.necsamx.com\/TiendadeMaterialElectrico\/wp-json\/wp\/v2\/comments?post=5625"}],"wp:featuredmedia":[{"embeddable":true,"href":"https:\/\/www.necsamx.com\/TiendadeMaterialElectrico\/wp-json\/wp\/v2\/media\/6736"}],"wp:attachment":[{"href":"https:\/\/www.necsamx.com\/TiendadeMaterialElectrico\/wp-json\/wp\/v2\/media?parent=5625"}],"wp:term":[{"taxonomy":"product_brand","embeddable":true,"href":"https:\/\/www.necsamx.com\/TiendadeMaterialElectrico\/wp-json\/wp\/v2\/product_brand?post=5625"},{"taxonomy":"product_cat","embeddable":true,"href":"https:\/\/www.necsamx.com\/TiendadeMaterialElectrico\/wp-json\/wp\/v2\/product_cat?post=5625"},{"taxonomy":"product_tag","embeddable":true,"href":"https:\/\/www.necsamx.com\/TiendadeMaterialElectrico\/wp-json\/wp\/v2\/product_tag?post=5625"}],"curies":[{"name":"wp","href":"https:\/\/api.w.org\/{rel}","templated":true}]}}