{"id":5384,"date":"2021-11-25T18:06:16","date_gmt":"2021-11-25T18:06:16","guid":{"rendered":"https:\/\/www.necsamx.com\/TiendadeMaterialElectrico\/producto\/tee-pvc-sanitario-2-x-2\/"},"modified":"2024-06-13T19:33:19","modified_gmt":"2024-06-13T19:33:19","slug":"tee-pvc-sanitario-2-x-2","status":"publish","type":"product","link":"https:\/\/www.necsamx.com\/TiendadeMaterialElectrico\/producto\/tee-pvc-sanitario-2-x-2\/","title":{"rendered":"TEE PVC SANITARIO 2&#8243; X 2&#8243;"},"content":{"rendered":"<p><strong>TEE PVC SANITARIO 2&#8243; X 2&#8243;<\/strong><br \/>\nTee sencilla PVC sanitario para cementar. Conexi\u00f3n sanitar\u00eda inyectada de PVC, se utiliza en la construcci\u00f3n de sistemas sanitarios para el desalojo por gravedad de aguas negras, desechos industriales, aguas pluviales o sistemas de ventilaci\u00f3n.<br \/>\n<strong>ESPECIFICACIONES<\/strong><br \/>\n\u2022 Excelente acabado.<br \/>\n\u2022 Conexiones achaflanadas, para tener un mejor coplamiento tubo-conexi\u00f3n.<br \/>\n\u2022 Bajo peso.<br \/>\n\u2022 Ofrece una f\u00e1cil y r\u00e1pida instalaci\u00f3n.<br \/>\n\u2022 Excelente condiciones de flujo gracias a su bajo coeficiente de rugosidad.<br \/>\n\u2022 Medida 50 mm x 50 mm.<\/p>\n","protected":false},"excerpt":{"rendered":"<p><strong>TEE PVC SANITARIO 2&#8243; X 2&#8243;<\/strong><br \/>\nTee sencilla PVC sanitario para cementar. Conexi\u00f3n sanitar\u00eda inyectada de PVC, se utiliza en la construcci\u00f3n de sistemas sanitarios para el desalojo por gravedad de aguas negras, desechos industriales, aguas pluviales o sistemas de ventilaci\u00f3n.<\/p>\n","protected":false},"featured_media":7348,"comment_status":"closed","ping_status":"closed","template":"","meta":{"_joinchat":[]},"product_brand":[],"product_cat":[670,594],"product_tag":[],"class_list":{"0":"post-5384","1":"product","2":"type-product","3":"status-publish","4":"has-post-thumbnail","6":"product_cat-sanitario","7":"product_cat-tee","9":"first","10":"instock","11":"product-type-simple"},"_links":{"self":[{"href":"https:\/\/www.necsamx.com\/TiendadeMaterialElectrico\/wp-json\/wp\/v2\/product\/5384","targetHints":{"allow":["GET"]}}],"collection":[{"href":"https:\/\/www.necsamx.com\/TiendadeMaterialElectrico\/wp-json\/wp\/v2\/product"}],"about":[{"href":"https:\/\/www.necsamx.com\/TiendadeMaterialElectrico\/wp-json\/wp\/v2\/types\/product"}],"replies":[{"embeddable":true,"href":"https:\/\/www.necsamx.com\/TiendadeMaterialElectrico\/wp-json\/wp\/v2\/comments?post=5384"}],"wp:featuredmedia":[{"embeddable":true,"href":"https:\/\/www.necsamx.com\/TiendadeMaterialElectrico\/wp-json\/wp\/v2\/media\/7348"}],"wp:attachment":[{"href":"https:\/\/www.necsamx.com\/TiendadeMaterialElectrico\/wp-json\/wp\/v2\/media?parent=5384"}],"wp:term":[{"taxonomy":"product_brand","embeddable":true,"href":"https:\/\/www.necsamx.com\/TiendadeMaterialElectrico\/wp-json\/wp\/v2\/product_brand?post=5384"},{"taxonomy":"product_cat","embeddable":true,"href":"https:\/\/www.necsamx.com\/TiendadeMaterialElectrico\/wp-json\/wp\/v2\/product_cat?post=5384"},{"taxonomy":"product_tag","embeddable":true,"href":"https:\/\/www.necsamx.com\/TiendadeMaterialElectrico\/wp-json\/wp\/v2\/product_tag?post=5384"}],"curies":[{"name":"wp","href":"https:\/\/api.w.org\/{rel}","templated":true}]}}