{"id":5364,"date":"2021-11-25T18:06:10","date_gmt":"2021-11-25T18:06:10","guid":{"rendered":"https:\/\/www.necsamx.com\/TiendadeMaterialElectrico\/producto\/tee-de-cobre-1-2\/"},"modified":"2024-07-06T17:45:38","modified_gmt":"2024-07-06T17:45:38","slug":"tee-de-cobre-1-2","status":"publish","type":"product","link":"https:\/\/www.necsamx.com\/TiendadeMaterialElectrico\/producto\/tee-de-cobre-1-2\/","title":{"rendered":"TEE DE COBRE 1\/2&#8243;"},"content":{"rendered":"<p><strong>TEE DE COBRE 1\/2&#8243;<\/strong><br \/>\nLa tee de cobre de tipo soldable es una conexi\u00f3n dise\u00f1ada para unir tuber\u00eda de este mismo material con una tercera salida en el centro para otra uni\u00f3n en instalaciones de agua fr\u00eda o caliente y gas natural o L.P, formando un \u00e1ngulo de 90\u00b0.<br \/>\nSu uso ayuda a realizar la divisi\u00f3n de dos salidas de las tuber\u00edas sin necesidad de realizar cortes. Est\u00e1 fabricado de una sola pieza de cobre de gran durabilidad brinda excelente resistencia a las fracturas por impacto.<br \/>\n<strong>Caracteristicas Generales<\/strong><br \/>\n\u2022 Para uso en plomer\u00eda, dom\u00e9stico, comercial y servicios.<br \/>\n\u2022 Fabricado con material antibacterial.<br \/>\n\u2022 Material amigable con el medio ambiente y reciclable.<br \/>\n\u2022 Vida \u00fatil de 100 a\u00f1os.<br \/>\n\u2022 Dise\u00f1adas con un espesor de pared continuo.<br \/>\n\u2022 Resistencia mec\u00e1nica, tracci\u00f3n, compresi\u00f3n y larga vida \u00fatil.<br \/>\n\u2022 Producto amigable con el medio ambiente 100% reciclable.<br \/>\n<strong>Especificaciones.<\/strong><br \/>\n\u2022 DI\u00c1M. NOM: 1\/2&#8243; (13 mm).<br \/>\n\u2022 Conexi\u00f3n con contenido m\u00ednimo de Cu del 99.9%.<br \/>\n\u2022 Presi\u00f3n m\u00ednima de trabajo en conexiones con prueba hidrost\u00e1tica de 17.34 Kg\/cm\u00b2 (1.7 MPa) @ 247 PSI.<br \/>\n\u2022 M\u00e1xima presi\u00f3n de trabajo en sistema ensamblado de tuber\u00eda y conexi\u00f3n, prueba hidrost\u00e1tica de 30 Kg\/cm\u00b2 (2.94 MPa) @ 420 PSI.<\/p>\n","protected":false},"excerpt":{"rendered":"<p><strong>TEE DE COBRE 1\/2&#8243;<\/strong><br \/>\nLa tee de cobre de tipo soldable es una conexi\u00f3n dise\u00f1ada para unir tuber\u00eda de este mismo material con una tercera salida en el centro para otra uni\u00f3n en instalaciones de agua fr\u00eda o caliente y gas natural o L.P, formando un \u00e1ngulo de 90\u00b0.<\/p>\n","protected":false},"featured_media":7430,"comment_status":"closed","ping_status":"closed","template":"","meta":{"_joinchat":[]},"product_brand":[],"product_cat":[673,594],"product_tag":[],"class_list":{"0":"post-5364","1":"product","2":"type-product","3":"status-publish","4":"has-post-thumbnail","6":"product_cat-cobre","7":"product_cat-tee","9":"first","10":"instock","11":"product-type-simple"},"_links":{"self":[{"href":"https:\/\/www.necsamx.com\/TiendadeMaterialElectrico\/wp-json\/wp\/v2\/product\/5364","targetHints":{"allow":["GET"]}}],"collection":[{"href":"https:\/\/www.necsamx.com\/TiendadeMaterialElectrico\/wp-json\/wp\/v2\/product"}],"about":[{"href":"https:\/\/www.necsamx.com\/TiendadeMaterialElectrico\/wp-json\/wp\/v2\/types\/product"}],"replies":[{"embeddable":true,"href":"https:\/\/www.necsamx.com\/TiendadeMaterialElectrico\/wp-json\/wp\/v2\/comments?post=5364"}],"wp:featuredmedia":[{"embeddable":true,"href":"https:\/\/www.necsamx.com\/TiendadeMaterialElectrico\/wp-json\/wp\/v2\/media\/7430"}],"wp:attachment":[{"href":"https:\/\/www.necsamx.com\/TiendadeMaterialElectrico\/wp-json\/wp\/v2\/media?parent=5364"}],"wp:term":[{"taxonomy":"product_brand","embeddable":true,"href":"https:\/\/www.necsamx.com\/TiendadeMaterialElectrico\/wp-json\/wp\/v2\/product_brand?post=5364"},{"taxonomy":"product_cat","embeddable":true,"href":"https:\/\/www.necsamx.com\/TiendadeMaterialElectrico\/wp-json\/wp\/v2\/product_cat?post=5364"},{"taxonomy":"product_tag","embeddable":true,"href":"https:\/\/www.necsamx.com\/TiendadeMaterialElectrico\/wp-json\/wp\/v2\/product_tag?post=5364"}],"curies":[{"name":"wp","href":"https:\/\/api.w.org\/{rel}","templated":true}]}}