{"id":5355,"date":"2021-11-25T18:16:10","date_gmt":"2021-11-25T18:16:10","guid":{"rendered":"https:\/\/www.necsamx.com\/TiendadeMaterialElectrico\/producto\/tee-3-4-hembra-tuboplus-rotoplas\/"},"modified":"2021-11-25T19:23:03","modified_gmt":"2021-11-25T19:23:03","slug":"tee-3-4-hembra-tuboplus-rotoplas","status":"publish","type":"product","link":"https:\/\/www.necsamx.com\/TiendadeMaterialElectrico\/producto\/tee-3-4-hembra-tuboplus-rotoplas\/","title":{"rendered":"TEE 3\/4&#8243; HEMBRA TUBOPLUS ROTOPLAS"},"content":{"rendered":"<p>Codo 90\u00ba con rosca hembra 32*1&#8243;<\/p>\n<p>La mejor opci\u00f3n en tuber\u00eda hidr\u00e1ulica que garantiza Cero fugas, ya que fusiona las uniones y se convierte en una sola pieza de gran resistencia, gracias a su avanzado Sistema de Termofusi\u00f3n.<br \/>\n\u2022 Cero fugas.<br \/>\n\u2022 Gran durabilidad.<br \/>\n\u2022 Alta resistencia a los impactos.<br \/>\n\u2022 Transporte eficiente de agua caliente o fr\u00eda.<br \/>\n\u2022 Resistencia a altas presiones.<br \/>\n\u2022 Facilidad y seguridad de instalaci\u00f3n.<br \/>\n\u2022 Capa interior AB antibacterias que evita la reproducci\u00f3n<br \/>\nde microorganismos.<br \/>\n\u2022 Capa exterior UV ultravioleta que protege la instalaci\u00f3n<br \/>\nde los rayos solares.<br \/>\n\u2022 Surtido completo.<\/p>\n","protected":false},"excerpt":{"rendered":"<p>TEE 3\/4&#8243; HEMBRA TUBOPLUS ROTOPLAS. La mejor opci\u00f3n en tuber\u00eda hidr\u00e1ulica que garantiza Cero fugas, ya que fusiona las uniones y se convierte en una sola pieza de gran resistencia, gracias a su avanzado Sistema de Termofusi\u00f3n.<\/p>\n","protected":false},"featured_media":6076,"comment_status":"closed","ping_status":"closed","template":"","meta":{"_joinchat":[]},"product_brand":[],"product_cat":[594],"product_tag":[],"class_list":{"0":"post-5355","1":"product","2":"type-product","3":"status-publish","4":"has-post-thumbnail","6":"product_cat-tee","8":"first","9":"instock","10":"product-type-simple"},"_links":{"self":[{"href":"https:\/\/www.necsamx.com\/TiendadeMaterialElectrico\/wp-json\/wp\/v2\/product\/5355","targetHints":{"allow":["GET"]}}],"collection":[{"href":"https:\/\/www.necsamx.com\/TiendadeMaterialElectrico\/wp-json\/wp\/v2\/product"}],"about":[{"href":"https:\/\/www.necsamx.com\/TiendadeMaterialElectrico\/wp-json\/wp\/v2\/types\/product"}],"replies":[{"embeddable":true,"href":"https:\/\/www.necsamx.com\/TiendadeMaterialElectrico\/wp-json\/wp\/v2\/comments?post=5355"}],"wp:featuredmedia":[{"embeddable":true,"href":"https:\/\/www.necsamx.com\/TiendadeMaterialElectrico\/wp-json\/wp\/v2\/media\/6076"}],"wp:attachment":[{"href":"https:\/\/www.necsamx.com\/TiendadeMaterialElectrico\/wp-json\/wp\/v2\/media?parent=5355"}],"wp:term":[{"taxonomy":"product_brand","embeddable":true,"href":"https:\/\/www.necsamx.com\/TiendadeMaterialElectrico\/wp-json\/wp\/v2\/product_brand?post=5355"},{"taxonomy":"product_cat","embeddable":true,"href":"https:\/\/www.necsamx.com\/TiendadeMaterialElectrico\/wp-json\/wp\/v2\/product_cat?post=5355"},{"taxonomy":"product_tag","embeddable":true,"href":"https:\/\/www.necsamx.com\/TiendadeMaterialElectrico\/wp-json\/wp\/v2\/product_tag?post=5355"}],"curies":[{"name":"wp","href":"https:\/\/api.w.org\/{rel}","templated":true}]}}