{"id":3806,"date":"2021-11-25T18:15:27","date_gmt":"2021-11-25T18:15:27","guid":{"rendered":"https:\/\/www.necsamx.com\/TiendadeMaterialElectrico\/producto\/lampara-de-emergencia-60-led-truper\/"},"modified":"2021-11-25T19:13:00","modified_gmt":"2021-11-25T19:13:00","slug":"lampara-de-emergencia-60-led-truper","status":"publish","type":"product","link":"https:\/\/www.necsamx.com\/TiendadeMaterialElectrico\/producto\/lampara-de-emergencia-60-led-truper\/","title":{"rendered":"LAMPARA DE EMERGENCIA 60 LED TRUPER"},"content":{"rendered":"<p>L\u00e1mpara de emergencia recargable 300 lm, 60 LED<br \/>\nVolteck 43008<\/p>\n<p>Cuerpo de ABS y pantalla de poliestireno<br \/>\n2 Intensidades de luz: alta y baja<br \/>\nEnciende autom\u00e1ticamente al fallar la energ\u00eda el\u00e9ctrica<br \/>\nProtecci\u00f3n de sobre carga y descarga que alarga la vida \u00fatil de la bater\u00eda<\/p>\n<p>Potencia 3 W<br \/>\nFlujo luminoso 300 lm (alto), 150 lm (bajo)<br \/>\nCorriente 30 mA &#8211; 15 mA<br \/>\nTensi\u00f3n \/ Frecuencia 120 &#8211; 240 V \/ 60 Hz<br \/>\nDuraci\u00f3n de carga 4 horas (modo alta) 6 horas (modo bajo)<br \/>\nTiempo de carga 8 horas<br \/>\nFuente de luz LED x 60<br \/>\nMedidas (largo x alto x fondo) 33 cm x 7 cm x 3 cm<br \/>\nEmpaque individual Caja<br \/>\nInner 2<br \/>\nMaster 24<\/p>\n","protected":false},"excerpt":{"rendered":"<p>LAMPARA DE EMERGENCIA 60 LED TRUPER. 2 Intensidades de luz: alta y baja. Enciende autom\u00e1ticamente al fallar la energ\u00eda el\u00e9ctrica. Protecci\u00f3n de sobre carga y descarga que alarga la vida \u00fatil de la bater\u00eda.<\/p>\n","protected":false},"featured_media":6073,"comment_status":"closed","ping_status":"closed","template":"","meta":{"_joinchat":[]},"product_brand":[],"product_cat":[43],"product_tag":[],"class_list":{"0":"post-3806","1":"product","2":"type-product","3":"status-publish","4":"has-post-thumbnail","6":"product_cat-lampara","8":"first","9":"instock","10":"product-type-simple"},"_links":{"self":[{"href":"https:\/\/www.necsamx.com\/TiendadeMaterialElectrico\/wp-json\/wp\/v2\/product\/3806","targetHints":{"allow":["GET"]}}],"collection":[{"href":"https:\/\/www.necsamx.com\/TiendadeMaterialElectrico\/wp-json\/wp\/v2\/product"}],"about":[{"href":"https:\/\/www.necsamx.com\/TiendadeMaterialElectrico\/wp-json\/wp\/v2\/types\/product"}],"replies":[{"embeddable":true,"href":"https:\/\/www.necsamx.com\/TiendadeMaterialElectrico\/wp-json\/wp\/v2\/comments?post=3806"}],"wp:featuredmedia":[{"embeddable":true,"href":"https:\/\/www.necsamx.com\/TiendadeMaterialElectrico\/wp-json\/wp\/v2\/media\/6073"}],"wp:attachment":[{"href":"https:\/\/www.necsamx.com\/TiendadeMaterialElectrico\/wp-json\/wp\/v2\/media?parent=3806"}],"wp:term":[{"taxonomy":"product_brand","embeddable":true,"href":"https:\/\/www.necsamx.com\/TiendadeMaterialElectrico\/wp-json\/wp\/v2\/product_brand?post=3806"},{"taxonomy":"product_cat","embeddable":true,"href":"https:\/\/www.necsamx.com\/TiendadeMaterialElectrico\/wp-json\/wp\/v2\/product_cat?post=3806"},{"taxonomy":"product_tag","embeddable":true,"href":"https:\/\/www.necsamx.com\/TiendadeMaterialElectrico\/wp-json\/wp\/v2\/product_tag?post=3806"}],"curies":[{"name":"wp","href":"https:\/\/api.w.org\/{rel}","templated":true}]}}