{"id":3113,"date":"2021-11-25T17:55:24","date_gmt":"2021-11-25T17:55:24","guid":{"rendered":"https:\/\/www.necsamx.com\/TiendadeMaterialElectrico\/producto\/foco-9w-127v-6500k-luz-bca-argos\/"},"modified":"2023-11-04T15:41:03","modified_gmt":"2023-11-04T15:41:03","slug":"foco-9w-127v-6500k-luz-bca-argos","status":"publish","type":"product","link":"https:\/\/www.necsamx.com\/TiendadeMaterialElectrico\/producto\/foco-9w-127v-6500k-luz-bca-argos\/","title":{"rendered":"FOCO 9W 127V 6500K LUZ BCA ARGOS"},"content":{"rendered":"<p><strong>FOCO 9W 127V 6500K LUZ BCA ARGOS<\/strong><br \/>\nLas l\u00e1mparas de LED pueden ser utilizadas para la iluminaci\u00f3n general. Su alta eficiencia energ\u00e9tica la convierte en una nueva alternativa para el ahorro de energ\u00eda sin perder las caracter\u00edsticas t\u00edpicas de las l\u00e1mparas incandescentes convencionales.<br \/>\nEspecificaciones:<br \/>\n\u25ba Tipo de luz: Fr\u00eda<br \/>\n\u25ba Potencia| watts: 9<br \/>\n\u25ba Flujo Luminoso| lumen: 810<br \/>\n\u25ba Dimensiones de 6cm base x altura 11cm<\/p>\n","protected":false},"excerpt":{"rendered":"<p><strong>FOCO 9W 127V 6500K LUZ BCA ARGOS<\/strong><br \/>\nLas l\u00e1mparas de LED pueden ser utilizadas para la iluminaci\u00f3n general. Su alta eficiencia energ\u00e9tica la convierte en una nueva alternativa para el ahorro de energ\u00eda sin perder las caracter\u00edsticas t\u00edpicas de las l\u00e1mparas incandescentes convencionales.<\/p>\n","protected":false},"featured_media":6581,"comment_status":"closed","ping_status":"closed","template":"","meta":{"_joinchat":[]},"product_brand":[],"product_cat":[300],"product_tag":[],"class_list":{"0":"post-3113","1":"product","2":"type-product","3":"status-publish","4":"has-post-thumbnail","6":"product_cat-foco","8":"first","9":"instock","10":"product-type-simple"},"_links":{"self":[{"href":"https:\/\/www.necsamx.com\/TiendadeMaterialElectrico\/wp-json\/wp\/v2\/product\/3113","targetHints":{"allow":["GET"]}}],"collection":[{"href":"https:\/\/www.necsamx.com\/TiendadeMaterialElectrico\/wp-json\/wp\/v2\/product"}],"about":[{"href":"https:\/\/www.necsamx.com\/TiendadeMaterialElectrico\/wp-json\/wp\/v2\/types\/product"}],"replies":[{"embeddable":true,"href":"https:\/\/www.necsamx.com\/TiendadeMaterialElectrico\/wp-json\/wp\/v2\/comments?post=3113"}],"wp:featuredmedia":[{"embeddable":true,"href":"https:\/\/www.necsamx.com\/TiendadeMaterialElectrico\/wp-json\/wp\/v2\/media\/6581"}],"wp:attachment":[{"href":"https:\/\/www.necsamx.com\/TiendadeMaterialElectrico\/wp-json\/wp\/v2\/media?parent=3113"}],"wp:term":[{"taxonomy":"product_brand","embeddable":true,"href":"https:\/\/www.necsamx.com\/TiendadeMaterialElectrico\/wp-json\/wp\/v2\/product_brand?post=3113"},{"taxonomy":"product_cat","embeddable":true,"href":"https:\/\/www.necsamx.com\/TiendadeMaterialElectrico\/wp-json\/wp\/v2\/product_cat?post=3113"},{"taxonomy":"product_tag","embeddable":true,"href":"https:\/\/www.necsamx.com\/TiendadeMaterialElectrico\/wp-json\/wp\/v2\/product_tag?post=3113"}],"curies":[{"name":"wp","href":"https:\/\/api.w.org\/{rel}","templated":true}]}}