{"id":2743,"date":"2021-11-25T17:53:40","date_gmt":"2021-11-25T17:53:40","guid":{"rendered":"https:\/\/www.necsamx.com\/TiendadeMaterialElectrico\/producto\/cople-pvc-sanit-50mm-2\/"},"modified":"2024-06-14T18:27:00","modified_gmt":"2024-06-14T18:27:00","slug":"cople-pvc-sanit-50mm-2","status":"publish","type":"product","link":"https:\/\/www.necsamx.com\/TiendadeMaterialElectrico\/producto\/cople-pvc-sanit-50mm-2\/","title":{"rendered":"COPLE PVC SANITARIO 2&#8243;"},"content":{"rendered":"<p><strong>Cople PVC Sanitario de 2\u2033 (50mm).<\/strong><br \/>\nSu dise\u00f1o de conexi\u00f3n lisa ayuda a resistir la presi\u00f3n del agua en las uniones de las tuber\u00edas. Conexi\u00f3n sanitar\u00eda inyectada de PVC, se utiliza en la construcci\u00f3n de sistemas sanitarios para el desalojo por gravedad de aguas negras, desechos industriales, aguas pluviales o sistemas de ventilaci\u00f3n.<br \/>\n\u2022 Inyectadas en una sola pieza.<br \/>\n\u2022 Excelente acabado.<br \/>\n\u2022 Conexiones achaflanadas: Para tener un mejor acoplamiento tubo-conexi\u00f3n.<br \/>\n\u2022 Bajo peso.<br \/>\n\u2022 Ofrece una f\u00e1cil y r\u00e1pida instalaci\u00f3n.<br \/>\n\u2022 Ofreciendo tambi\u00e9n excelentes condiciones de flujo gracias a su bajo coeficiente de rugosidad.<br \/>\n<strong>Especificaciones<\/strong><br \/>\n\u2022 Medida 50mm x 50mm.<br \/>\n\u2022 Medida: 2&#8243;.<\/p>\n","protected":false},"excerpt":{"rendered":"<p><strong>Cople PVC Sanitario de 2\u2033 (50mm).<\/strong><br \/>\nSu dise\u00f1o de conexi\u00f3n lisa ayuda a resistir la presi\u00f3n del agua en las uniones de las tuber\u00edas. Conexi\u00f3n sanitar\u00eda inyectada de PVC, se utiliza en la construcci\u00f3n de sistemas sanitarios para el desalojo por gravedad de aguas negras, desechos industriales, aguas pluviales o sistemas de ventilaci\u00f3n.<\/p>\n","protected":false},"featured_media":7355,"comment_status":"closed","ping_status":"closed","template":"","meta":{"_joinchat":[]},"product_brand":[],"product_cat":[50,670],"product_tag":[],"class_list":{"0":"post-2743","1":"product","2":"type-product","3":"status-publish","4":"has-post-thumbnail","6":"product_cat-cople","7":"product_cat-sanitario","9":"first","10":"instock","11":"product-type-simple"},"_links":{"self":[{"href":"https:\/\/www.necsamx.com\/TiendadeMaterialElectrico\/wp-json\/wp\/v2\/product\/2743","targetHints":{"allow":["GET"]}}],"collection":[{"href":"https:\/\/www.necsamx.com\/TiendadeMaterialElectrico\/wp-json\/wp\/v2\/product"}],"about":[{"href":"https:\/\/www.necsamx.com\/TiendadeMaterialElectrico\/wp-json\/wp\/v2\/types\/product"}],"replies":[{"embeddable":true,"href":"https:\/\/www.necsamx.com\/TiendadeMaterialElectrico\/wp-json\/wp\/v2\/comments?post=2743"}],"wp:featuredmedia":[{"embeddable":true,"href":"https:\/\/www.necsamx.com\/TiendadeMaterialElectrico\/wp-json\/wp\/v2\/media\/7355"}],"wp:attachment":[{"href":"https:\/\/www.necsamx.com\/TiendadeMaterialElectrico\/wp-json\/wp\/v2\/media?parent=2743"}],"wp:term":[{"taxonomy":"product_brand","embeddable":true,"href":"https:\/\/www.necsamx.com\/TiendadeMaterialElectrico\/wp-json\/wp\/v2\/product_brand?post=2743"},{"taxonomy":"product_cat","embeddable":true,"href":"https:\/\/www.necsamx.com\/TiendadeMaterialElectrico\/wp-json\/wp\/v2\/product_cat?post=2743"},{"taxonomy":"product_tag","embeddable":true,"href":"https:\/\/www.necsamx.com\/TiendadeMaterialElectrico\/wp-json\/wp\/v2\/product_tag?post=2743"}],"curies":[{"name":"wp","href":"https:\/\/api.w.org\/{rel}","templated":true}]}}