{"id":2248,"date":"2021-11-25T17:51:25","date_gmt":"2021-11-25T17:51:25","guid":{"rendered":"https:\/\/www.necsamx.com\/TiendadeMaterialElectrico\/producto\/codo-pvc-sanitario-de-4-x-90\/"},"modified":"2024-06-25T21:57:03","modified_gmt":"2024-06-25T21:57:03","slug":"codo-pvc-sanitario-de-4-x-90","status":"publish","type":"product","link":"https:\/\/www.necsamx.com\/TiendadeMaterialElectrico\/producto\/codo-pvc-sanitario-de-4-x-90\/","title":{"rendered":"CODO PVC SANITARIO DE 90\u00b0 X 4&#8243;"},"content":{"rendered":"<p><strong>CODO PVC SANITARIO DE 90\u00b0 X 4&#8243;<\/strong><br \/>\nAccesorio indicado para lograr desviaciones de \u00e1ngulo recto sobre la l\u00ednea de las tuber\u00edas. Conexi\u00f3n sanitar\u00eda inyectada de PVC, se utiliza en la construcci\u00f3n de sistemas sanitarios para el desalojo por gravedad de aguas negras, desechos industriales, aguas pluviales o sistemas de ventilaci\u00f3n.<br \/>\n<strong>ESPECIFICACIONES<\/strong><br \/>\n\u2022 Excelente acabado.<br \/>\n\u2022 Conexiones achaflanadas, para tener un mejor coplamiento tubo-conexi\u00f3n.<br \/>\n\u2022 Bajo peso.<br \/>\n\u2022 Ofrece una f\u00e1cil y r\u00e1pida instalaci\u00f3n.<br \/>\n\u2022 Excelente condiciones de flujo gracias a su bajo coeficiente de rugosidad.<br \/>\n\u2022 Medida 100MM x 10000.<br \/>\n\u2022 Angulo: 90\u00b0.<\/p>\n","protected":false},"excerpt":{"rendered":"<p><strong>CODO PVC SANITARIO DE 90\u00b0 X 4&#8243;<\/strong><br \/>\nAccesorio indicado para lograr desviaciones de \u00e1ngulo recto sobre la l\u00ednea de las tuber\u00edas. Conexi\u00f3n sanitar\u00eda inyectada de PVC, se utiliza en la construcci\u00f3n de sistemas sanitarios para el desalojo por gravedad de aguas negras, desechos industriales, aguas pluviales o sistemas de ventilaci\u00f3n.<\/p>\n","protected":false},"featured_media":7385,"comment_status":"closed","ping_status":"closed","template":"","meta":{"_joinchat":[]},"product_brand":[],"product_cat":[183,670],"product_tag":[],"class_list":{"0":"post-2248","1":"product","2":"type-product","3":"status-publish","4":"has-post-thumbnail","6":"product_cat-codo","7":"product_cat-sanitario","9":"first","10":"instock","11":"product-type-simple"},"_links":{"self":[{"href":"https:\/\/www.necsamx.com\/TiendadeMaterialElectrico\/wp-json\/wp\/v2\/product\/2248","targetHints":{"allow":["GET"]}}],"collection":[{"href":"https:\/\/www.necsamx.com\/TiendadeMaterialElectrico\/wp-json\/wp\/v2\/product"}],"about":[{"href":"https:\/\/www.necsamx.com\/TiendadeMaterialElectrico\/wp-json\/wp\/v2\/types\/product"}],"replies":[{"embeddable":true,"href":"https:\/\/www.necsamx.com\/TiendadeMaterialElectrico\/wp-json\/wp\/v2\/comments?post=2248"}],"wp:featuredmedia":[{"embeddable":true,"href":"https:\/\/www.necsamx.com\/TiendadeMaterialElectrico\/wp-json\/wp\/v2\/media\/7385"}],"wp:attachment":[{"href":"https:\/\/www.necsamx.com\/TiendadeMaterialElectrico\/wp-json\/wp\/v2\/media?parent=2248"}],"wp:term":[{"taxonomy":"product_brand","embeddable":true,"href":"https:\/\/www.necsamx.com\/TiendadeMaterialElectrico\/wp-json\/wp\/v2\/product_brand?post=2248"},{"taxonomy":"product_cat","embeddable":true,"href":"https:\/\/www.necsamx.com\/TiendadeMaterialElectrico\/wp-json\/wp\/v2\/product_cat?post=2248"},{"taxonomy":"product_tag","embeddable":true,"href":"https:\/\/www.necsamx.com\/TiendadeMaterialElectrico\/wp-json\/wp\/v2\/product_tag?post=2248"}],"curies":[{"name":"wp","href":"https:\/\/api.w.org\/{rel}","templated":true}]}}