{"id":2240,"date":"2021-11-25T17:51:25","date_gmt":"2021-11-25T17:51:25","guid":{"rendered":"https:\/\/www.necsamx.com\/TiendadeMaterialElectrico\/producto\/codo-pvc-sanit-cem-90-x-3\/"},"modified":"2024-06-27T20:52:56","modified_gmt":"2024-06-27T20:52:56","slug":"codo-pvc-sanit-cem-90-x-3","status":"publish","type":"product","link":"https:\/\/www.necsamx.com\/TiendadeMaterialElectrico\/producto\/codo-pvc-sanit-cem-90-x-3\/","title":{"rendered":"CODO PVC SANITARIO 90\u00b0 X 3"},"content":{"rendered":"<p><strong>CODO PVC SANITARIO DE 3&#8243; X 90\u00b0<\/strong><br \/>\nCodo de 3 pulgadas color blanco, su dise\u00f1o a 90 grados permite la creaci\u00f3n de esquinas en las tuber\u00edas de agua. Es f\u00e1cil de instalar gracias a su dise\u00f1o de conexi\u00f3n lisa que se ajusta a presi\u00f3n; est\u00e1 fabricado con pl\u00e1stico PVC con la finalidad de brindar dureza y resistencia que se requiere para evitar la corrosi\u00f3n. Ofrece gran firmeza a las fracturas por impacto y evita la aparici\u00f3n de fugas en las tuber\u00edas de agua potable, riego o desag\u00fce.<br \/>\n\u2022 Inyectadas en una sola pieza.<br \/>\n\u2022 Excelente acabado.<br \/>\n\u2022 Conexiones achaflanadas: Para tener un mejor acoplamiento tubo-conexi\u00f3n.<br \/>\n\u2022 Bajo peso: Ofrece una f\u00e1cil y r\u00e1pida instalaci\u00f3n, ofreciendo tambi\u00e9n excelentes condiciones de flujo gracias a su bajo coeficiente de rugosidad.<br \/>\n<strong>ESPECIFICACIONES<\/strong><br \/>\n\u2022 Usos: Conducci\u00f3n de aguas residuales.<br \/>\n\u2022 Color: Blanco.<br \/>\n\u2022 Di\u00e1metro: 3&#8243;.<br \/>\n\u2022 Forma: 90\u00b0.<br \/>\n\u2022 Grados \u00e1ngulo: 90\u00b0.<br \/>\n\u2022 Material: PVC.<br \/>\n\u2022 Tipo: Sanitario.<\/p>\n","protected":false},"excerpt":{"rendered":"<p><strong>CODO PVC SANITARIO DE 3&#8243; X 90\u00b0<\/strong><br \/>\nCodo de 3 pulgadas color blanco, su dise\u00f1o a 90 grados permite la creaci\u00f3n de esquinas en las tuber\u00edas de agua. Es f\u00e1cil de instalar gracias a su dise\u00f1o de conexi\u00f3n lisa que se ajusta a presi\u00f3n; est\u00e1 fabricado con pl\u00e1stico PVC con la finalidad de brindar dureza y resistencia que se requiere para evitar la corrosi\u00f3n. Ofrece gran firmeza a las fracturas por impacto y evita la aparici\u00f3n de fugas en las tuber\u00edas de agua potable, riego o desag\u00fce.<\/p>\n","protected":false},"featured_media":7412,"comment_status":"closed","ping_status":"closed","template":"","meta":{"_joinchat":[]},"product_brand":[],"product_cat":[183,670],"product_tag":[],"class_list":{"0":"post-2240","1":"product","2":"type-product","3":"status-publish","4":"has-post-thumbnail","6":"product_cat-codo","7":"product_cat-sanitario","9":"first","10":"instock","11":"product-type-simple"},"_links":{"self":[{"href":"https:\/\/www.necsamx.com\/TiendadeMaterialElectrico\/wp-json\/wp\/v2\/product\/2240","targetHints":{"allow":["GET"]}}],"collection":[{"href":"https:\/\/www.necsamx.com\/TiendadeMaterialElectrico\/wp-json\/wp\/v2\/product"}],"about":[{"href":"https:\/\/www.necsamx.com\/TiendadeMaterialElectrico\/wp-json\/wp\/v2\/types\/product"}],"replies":[{"embeddable":true,"href":"https:\/\/www.necsamx.com\/TiendadeMaterialElectrico\/wp-json\/wp\/v2\/comments?post=2240"}],"wp:featuredmedia":[{"embeddable":true,"href":"https:\/\/www.necsamx.com\/TiendadeMaterialElectrico\/wp-json\/wp\/v2\/media\/7412"}],"wp:attachment":[{"href":"https:\/\/www.necsamx.com\/TiendadeMaterialElectrico\/wp-json\/wp\/v2\/media?parent=2240"}],"wp:term":[{"taxonomy":"product_brand","embeddable":true,"href":"https:\/\/www.necsamx.com\/TiendadeMaterialElectrico\/wp-json\/wp\/v2\/product_brand?post=2240"},{"taxonomy":"product_cat","embeddable":true,"href":"https:\/\/www.necsamx.com\/TiendadeMaterialElectrico\/wp-json\/wp\/v2\/product_cat?post=2240"},{"taxonomy":"product_tag","embeddable":true,"href":"https:\/\/www.necsamx.com\/TiendadeMaterialElectrico\/wp-json\/wp\/v2\/product_tag?post=2240"}],"curies":[{"name":"wp","href":"https:\/\/api.w.org\/{rel}","templated":true}]}}