{"id":1863,"date":"2021-11-25T17:49:37","date_gmt":"2021-11-25T17:49:37","guid":{"rendered":"https:\/\/www.necsamx.com\/TiendadeMaterialElectrico\/producto\/cemento-gris-holcim\/"},"modified":"2024-06-13T17:28:58","modified_gmt":"2024-06-13T17:28:58","slug":"cemento-gris-holcim","status":"publish","type":"product","link":"https:\/\/www.necsamx.com\/TiendadeMaterialElectrico\/producto\/cemento-gris-holcim\/","title":{"rendered":"CEMENTO GRIS HOLCIM"},"content":{"rendered":"<p><strong>Cemento Gris Holcim Apasco.<\/strong><br \/>\nEl Cemento APASCO es el producto ideal para la construcci\u00f3n de todo tipo de obra y para la elaboraci\u00f3n de elementos de concreto en donde no se tiene ning\u00fan requisito especial.<br \/>\n<strong>USOS:<\/strong><br \/>\nRecomendado en la construcci\u00f3n de cualquier tipo de obra y elementos como: pisos, losas , columnas, trabes, cimientos,vivienda en general, edificios de baja altura, prefabricados como bloques, tabicones y adoquines, cisternas, tanques y canales de agua no residuales.<br \/>\n<strong>VENTAJAS:<\/strong><br \/>\n\u2022 M\u00e1s desempe\u00f1o.<br \/>\n\u2022 M\u00e1s rendimiento.<br \/>\n\u2022 M\u00e1s f\u00e1cil de colocar.<br \/>\nCERTIFICACIONES: NMX-C-414-ONNCCE.<br \/>\nCARACTER\u00cdSTICAS: Bulto de cemento, Gris, 50 Kg, 30% reducci\u00f3n de CO2.<\/p>\n","protected":false},"excerpt":{"rendered":"<p><strong>Cemento Gris Holcim Apasco.<\/strong><br \/>\nEl Cemento APASCO es el producto ideal para la construcci\u00f3n de todo tipo de obra y para la elaboraci\u00f3n de elementos de concreto en donde no se tiene ning\u00fan requisito especial.<\/p>\n","protected":false},"featured_media":6528,"comment_status":"closed","ping_status":"closed","template":"","meta":{"_joinchat":[]},"product_brand":[],"product_cat":[155],"product_tag":[],"class_list":{"0":"post-1863","1":"product","2":"type-product","3":"status-publish","4":"has-post-thumbnail","6":"product_cat-cemento","8":"first","9":"instock","10":"product-type-simple"},"_links":{"self":[{"href":"https:\/\/www.necsamx.com\/TiendadeMaterialElectrico\/wp-json\/wp\/v2\/product\/1863","targetHints":{"allow":["GET"]}}],"collection":[{"href":"https:\/\/www.necsamx.com\/TiendadeMaterialElectrico\/wp-json\/wp\/v2\/product"}],"about":[{"href":"https:\/\/www.necsamx.com\/TiendadeMaterialElectrico\/wp-json\/wp\/v2\/types\/product"}],"replies":[{"embeddable":true,"href":"https:\/\/www.necsamx.com\/TiendadeMaterialElectrico\/wp-json\/wp\/v2\/comments?post=1863"}],"wp:featuredmedia":[{"embeddable":true,"href":"https:\/\/www.necsamx.com\/TiendadeMaterialElectrico\/wp-json\/wp\/v2\/media\/6528"}],"wp:attachment":[{"href":"https:\/\/www.necsamx.com\/TiendadeMaterialElectrico\/wp-json\/wp\/v2\/media?parent=1863"}],"wp:term":[{"taxonomy":"product_brand","embeddable":true,"href":"https:\/\/www.necsamx.com\/TiendadeMaterialElectrico\/wp-json\/wp\/v2\/product_brand?post=1863"},{"taxonomy":"product_cat","embeddable":true,"href":"https:\/\/www.necsamx.com\/TiendadeMaterialElectrico\/wp-json\/wp\/v2\/product_cat?post=1863"},{"taxonomy":"product_tag","embeddable":true,"href":"https:\/\/www.necsamx.com\/TiendadeMaterialElectrico\/wp-json\/wp\/v2\/product_tag?post=1863"}],"curies":[{"name":"wp","href":"https:\/\/api.w.org\/{rel}","templated":true}]}}